{"id":162,"date":"2025-05-30T16:54:40","date_gmt":"2025-05-30T16:54:40","guid":{"rendered":"https:\/\/hispana.org\/?page_id=162"},"modified":"2025-06-07T14:06:28","modified_gmt":"2025-06-07T14:06:28","slug":"sobre-nosotros","status":"publish","type":"page","link":"https:\/\/hispana.org\/es\/sobre-nosotros\/","title":{"rendered":"Sobre Nosotros"},"content":{"rendered":"<p>[et_pb_section fb_built=\u00bb1&#8243; _builder_version=\u00bb4.27.4&#8243; _module_preset=\u00bbdefault\u00bb custom_padding=\u00bb8px||8px|||\u00bb global_module=\u00bb152&#8243; saved_tabs=\u00bball\u00bb global_colors_info=\u00bb{}\u00bb][et_pb_row column_structure=\u00bb2_5,3_5&#8243; _builder_version=\u00bb4.27.4&#8243; _module_preset=\u00bbdefault\u00bb global_colors_info=\u00bb{}\u00bb][et_pb_column type=\u00bb2_5&#8243; _builder_version=\u00bb4.27.4&#8243; _module_preset=\u00bbdefault\u00bb global_colors_info=\u00bb{}\u00bb][et_pb_image src=\u00bbhttps:\/\/hispana.org\/wp-content\/uploads\/2025\/05\/hispana_sin_slogan.png\u00bb title_text=\u00bbhispana_sin_slogan\u00bb url=\u00bbhttps:\/\/hispana.org\/\u00bb _builder_version=\u00bb4.27.4&#8243; _module_preset=\u00bbdefault\u00bb width=\u00bb50%\u00bb global_colors_info=\u00bb{}\u00bb][\/et_pb_image][\/et_pb_column][et_pb_column type=\u00bb3_5&#8243; _builder_version=\u00bb4.27.4&#8243; _module_preset=\u00bbdefault\u00bb global_colors_info=\u00bb{}\u00bb][et_pb_menu menu_id=\u00bb2&#8243; menu_style=\u00bbcentered\u00bb _builder_version=\u00bb4.27.4&#8243; _module_preset=\u00bbdefault\u00bb custom_margin=\u00bb9px||||false|false\u00bb global_colors_info=\u00bb{}\u00bb][\/et_pb_menu][\/et_pb_column][\/et_pb_row][\/et_pb_section][et_pb_section fb_built=\u00bb1&#8243; _builder_version=\u00bb4.27.4&#8243; _module_preset=\u00bbdefault\u00bb background_color=\u00bb#2d3845&#8243; custom_padding=\u00bb24px||16px|||\u00bb global_colors_info=\u00bb{}\u00bb][et_pb_row use_custom_gutter=\u00bbon\u00bb _builder_version=\u00bb4.27.4&#8243; _module_preset=\u00bbdefault\u00bb max_width=\u00bb1154px\u00bb global_colors_info=\u00bb{}\u00bb][et_pb_column type=\u00bb4_4&#8243; _builder_version=\u00bb4.27.4&#8243; _module_preset=\u00bbdefault\u00bb global_colors_info=\u00bb{}\u00bb][et_pb_text _builder_version=\u00bb4.27.4&#8243; _module_preset=\u00bbdefault\u00bb header_2_font=\u00bb||||||||\u00bb header_2_text_color=\u00bb#FFFFFF\u00bb header_2_font_size=\u00bb42px\u00bb header_2_letter_spacing=\u00bb1px\u00bb header_2_line_height=\u00bb50px\u00bb header_4_font=\u00bb&#8211;et_global_heading_font||||||||\u00bb header_4_text_color=\u00bb#b2b8bf\u00bb header_4_font_size=\u00bb13px\u00bb header_4_letter_spacing=\u00bb4px\u00bb header_4_line_height=\u00bb25px\u00bb custom_margin=\u00bb||2px|||\u00bb hover_enabled=\u00bb0&#8243; global_colors_info=\u00bb{}\u00bb sticky_enabled=\u00bb0&#8243;]<\/p>\n<h2>Sobre Nosotros<\/h2>\n<p>[\/et_pb_text][dsm_breadcrumbs home_text=\u00bbInicio\u00bb use_custom_home_url_link=\u00bbon\u00bb home_url_link=\u00bbhttps:\/\/hispana.org\/\u00bb _builder_version=\u00bb4.27.4&#8243; _module_preset=\u00bbdefault\u00bb items_font=\u00bb&#8211;et_global_body_font||||||||\u00bb items_text_color=\u00bb#FFFFFF\u00bb items_font_size=\u00bb16px\u00bb home_icon_font_size=\u00bb18px\u00bb global_colors_info=\u00bb{}\u00bb][\/dsm_breadcrumbs][\/et_pb_column][\/et_pb_row][\/et_pb_section][et_pb_section fb_built=\u00bb1&#8243; _builder_version=\u00bb4.27.4&#8243; _module_preset=\u00bbdefault\u00bb background_color=\u00bb#FFFFFF\u00bb custom_padding=\u00bb||0px|||\u00bb global_colors_info=\u00bb{}\u00bb][et_pb_row column_structure=\u00bb1_2,1_2&#8243; use_custom_gutter=\u00bbon\u00bb _builder_version=\u00bb4.27.4&#8243; _module_preset=\u00bbdefault\u00bb max_width=\u00bb1154px\u00bb global_colors_info=\u00bb{}\u00bb][et_pb_column type=\u00bb1_2&#8243; _builder_version=\u00bb4.27.4&#8243; _module_preset=\u00bbdefault\u00bb custom_padding=\u00bb|81px|||false|false\u00bb global_colors_info=\u00bb{}\u00bb][et_pb_image src=\u00bbhttps:\/\/hispana.org\/wp-content\/uploads\/2025\/06\/old-lady-530&#215;540-1.jpg\u00bb title_text=\u00bbold-lady-530&#215;540&#8243; _builder_version=\u00bb4.27.4&#8243; _module_preset=\u00bbdefault\u00bb hover_enabled=\u00bb0&#8243; global_colors_info=\u00bb{}\u00bb sticky_enabled=\u00bb0&#8243;][\/et_pb_image][\/et_pb_column][et_pb_column type=\u00bb1_2&#8243; _builder_version=\u00bb4.27.4&#8243; _module_preset=\u00bbdefault\u00bb custom_padding=\u00bb|||3%|false|false\u00bb global_colors_info=\u00bb{}\u00bb][et_pb_text _builder_version=\u00bb4.27.4&#8243; _module_preset=\u00bbdefault\u00bb header_2_font=\u00bb|300|||||||\u00bb header_2_text_color=\u00bb#2d3845&#8243; header_2_font_size=\u00bb42px\u00bb header_2_letter_spacing=\u00bb1px\u00bb header_2_line_height=\u00bb50px\u00bb header_4_font=\u00bb&#8211;et_global_heading_font||||||||\u00bb header_4_text_color=\u00bb#b2b8bf\u00bb header_4_font_size=\u00bb13px\u00bb header_4_letter_spacing=\u00bb4px\u00bb header_4_line_height=\u00bb25px\u00bb hover_enabled=\u00bb0&#8243; global_colors_info=\u00bb{}\u00bb locked=\u00bboff\u00bb sticky_enabled=\u00bb0&#8243; custom_margin=\u00bb||10px|||\u00bb]<\/p>\n<h2 class=\"themestek-custom-heading \">Hispana se basa en<\/h2>\n<h2 class=\"themestek-custom-heading \"><strong>apoyo incondicional a personas necesitadas<\/strong><\/h2>\n<p>[\/et_pb_text][et_pb_text _builder_version=\u00bb4.27.4&#8243; _module_preset=\u00bbdefault\u00bb header_2_font=\u00bb|300|||||||\u00bb header_2_text_color=\u00bb#2d3845&#8243; header_2_font_size=\u00bb42px\u00bb header_2_letter_spacing=\u00bb1px\u00bb header_2_line_height=\u00bb50px\u00bb header_3_font=\u00bb&#8211;et_global_heading_font|300|||||||\u00bb header_3_text_color=\u00bb#2d3845&#8243; header_3_line_height=\u00bb36px\u00bb header_4_font=\u00bb&#8211;et_global_heading_font||||||||\u00bb header_4_text_color=\u00bb#b2b8bf\u00bb header_4_font_size=\u00bb13px\u00bb header_4_letter_spacing=\u00bb4px\u00bb header_4_line_height=\u00bb25px\u00bb custom_margin=\u00bb||6px|||\u00bb hover_enabled=\u00bb0&#8243; global_colors_info=\u00bb{}\u00bb locked=\u00bboff\u00bb sticky_enabled=\u00bb0&#8243;]<\/p>\n<h3 class=\"vc_custom_heading\">Hispana se dedica a la defensa y protecci\u00f3n de la poblaci\u00f3n en condicion de necesidad promoviendo la inclusi\u00f3n de estas personas.<\/h3>\n<p>[\/et_pb_text][et_pb_text _builder_version=\u00bb4.27.4&#8243; _module_preset=\u00bbdefault\u00bb text_text_color=\u00bb#5d6975&#8243; text_font_size=\u00bb15px\u00bb text_line_height=\u00bb27px\u00bb header_2_font=\u00bb|300|||||||\u00bb header_2_text_color=\u00bb#2d3845&#8243; header_2_font_size=\u00bb42px\u00bb header_2_letter_spacing=\u00bb1px\u00bb header_2_line_height=\u00bb50px\u00bb header_4_font=\u00bb&#8211;et_global_heading_font|500|||||||\u00bb header_4_text_color=\u00bb#2d3845&#8243; header_4_font_size=\u00bb24px\u00bb header_4_line_height=\u00bb34px\u00bb header_5_font=\u00bb&#8211;et_global_heading_font|600|||||||\u00bb header_5_font_size=\u00bb20px\u00bb header_5_line_height=\u00bb30px\u00bb hover_enabled=\u00bb0&#8243; global_colors_info=\u00bb{}\u00bb sticky_enabled=\u00bb0&#8243;]<\/p>\n<p><span>HIPANA en una organizaci\u00f3n sin fines de lucro cuya misi\u00f3n principal es atender los problemas que enfrentan los migrantes y refugiados desde una perspectiva integral, dando relevancia a la promoci\u00f3n y defensa de sus derechos humanos, apoyo social y legal, educaci\u00f3n, difusi\u00f3n y v\u00ednculos. y participaci\u00f3n en el desarrollo de legislaci\u00f3n, pol\u00edticas y programas de inmigraci\u00f3n.<\/span><\/p>\n<p>[\/et_pb_text][et_pb_blurb title=\u00bbPromover y reclamar los derechos de los inmigrantes.\u00bb use_icon=\u00bbon\u00bb font_icon=\u00bb&#x4e;||divi||400&#8243; image_icon_background_color=\u00bbRGBA(255,255,255,0)\u00bb image_icon_width=\u00bb27px\u00bb _builder_version=\u00bb4.27.4&#8243; _module_preset=\u00bbdefault\u00bb header_text_align=\u00bbleft\u00bb text_orientation=\u00bbcenter\u00bb link_option_url=\u00bbhttps:\/\/hispana.org\/programa-discriminacion\/\u00bb hover_enabled=\u00bb0&#8243; border_color_all_image=\u00bb#ffffff\u00bb border_style_all_image=\u00bbdouble\u00bb global_colors_info=\u00bb{}\u00bb locked=\u00bboff\u00bb icon_placement=\u00bbleft\u00bb sticky_enabled=\u00bb0&#8243;][\/et_pb_blurb][et_pb_blurb title=\u00bbColoque al inmigrante como un sujeto activo y brinde apoyo.\u00bb use_icon=\u00bbon\u00bb font_icon=\u00bb&#x4e;||divi||400&#8243; image_icon_background_color=\u00bbRGBA(255,255,255,0)\u00bb image_icon_width=\u00bb27px\u00bb _builder_version=\u00bb4.27.4&#8243; _module_preset=\u00bbdefault\u00bb header_text_align=\u00bbleft\u00bb text_orientation=\u00bbcenter\u00bb link_option_url=\u00bbhttps:\/\/hispana.org\/programa-discriminacion\/\u00bb hover_enabled=\u00bb0&#8243; border_color_all_image=\u00bb#ffffff\u00bb border_style_all_image=\u00bbdouble\u00bb global_colors_info=\u00bb{}\u00bb locked=\u00bboff\u00bb icon_placement=\u00bbleft\u00bb sticky_enabled=\u00bb0&#8243;][\/et_pb_blurb][et_pb_blurb title=\u00bbPromover la calidad en la intervenci\u00f3n social con inmigrantes.\u00bb use_icon=\u00bbon\u00bb font_icon=\u00bb&#x4e;||divi||400&#8243; image_icon_background_color=\u00bbRGBA(255,255,255,0)\u00bb image_icon_width=\u00bb27px\u00bb _builder_version=\u00bb4.27.4&#8243; _module_preset=\u00bbdefault\u00bb header_text_align=\u00bbleft\u00bb text_orientation=\u00bbcenter\u00bb link_option_url=\u00bbhttps:\/\/hispana.org\/programa-discriminacion\/\u00bb hover_enabled=\u00bb0&#8243; border_color_all_image=\u00bb#ffffff\u00bb border_style_all_image=\u00bbdouble\u00bb global_colors_info=\u00bb{}\u00bb locked=\u00bboff\u00bb icon_placement=\u00bbleft\u00bb sticky_enabled=\u00bb0&#8243;][\/et_pb_blurb][\/et_pb_column][\/et_pb_row][\/et_pb_section][et_pb_section fb_built=\u00bb1&#8243; _builder_version=\u00bb4.27.4&#8243; _module_preset=\u00bbdefault\u00bb background_color=\u00bb#2d3845&#8243; global_colors_info=\u00bb{}\u00bb locked=\u00bboff\u00bb][et_pb_row column_structure=\u00bb1_2,1_2&#8243; _builder_version=\u00bb4.27.4&#8243; _module_preset=\u00bbdefault\u00bb global_colors_info=\u00bb{}\u00bb][et_pb_column type=\u00bb1_2&#8243; _builder_version=\u00bb4.27.4&#8243; _module_preset=\u00bbdefault\u00bb global_colors_info=\u00bb{}\u00bb][et_pb_text _builder_version=\u00bb4.27.4&#8243; _module_preset=\u00bbdefault\u00bb header_2_font=\u00bb|300|||||||\u00bb header_2_text_color=\u00bb#ffffff\u00bb header_2_font_size=\u00bb42px\u00bb header_2_letter_spacing=\u00bb1px\u00bb header_2_line_height=\u00bb50px\u00bb header_4_font=\u00bb&#8211;et_global_heading_font||||||||\u00bb header_4_text_color=\u00bb#b2b8bf\u00bb header_4_font_size=\u00bb13px\u00bb header_4_letter_spacing=\u00bb4px\u00bb header_4_line_height=\u00bb25px\u00bb global_colors_info=\u00bb{}\u00bb]<\/p>\n<h2>Comprometidos con aquellos que <strong><br \/>M\u00e1s\u00a0 necesitan<\/strong><\/br><\/h2>\n<p>[\/et_pb_text][et_pb_text _builder_version=\u00bb4.27.4&#8243; _module_preset=\u00bbdefault\u00bb text_text_color=\u00bb#9faebe\u00bb text_font_size=\u00bb15px\u00bb header_2_font=\u00bb|300|||||||\u00bb header_2_text_color=\u00bb#2d3845&#8243; header_2_font_size=\u00bb42px\u00bb header_2_letter_spacing=\u00bb1px\u00bb header_2_line_height=\u00bb50px\u00bb header_4_font=\u00bb&#8211;et_global_heading_font||||||||\u00bb header_4_text_color=\u00bb#b2b8bf\u00bb header_4_font_size=\u00bb13px\u00bb header_4_letter_spacing=\u00bb4px\u00bb header_4_line_height=\u00bb25px\u00bb header_5_font=\u00bb&#8211;et_global_heading_font|600|||||||\u00bb header_5_font_size=\u00bb20px\u00bb header_5_line_height=\u00bb30px\u00bb custom_margin=\u00bb|-25px|||false|false\u00bb global_colors_info=\u00bb{}\u00bb]<\/p>\n<p>Durante muchos a\u00f1os, como ciudadano inmigrante y vulnerable, siempre tuve la iniciativa de ayudar y promover el crecimiento personal en todos y cada uno de esos hermanos que, en busca de un futuro mejor, abandonaron sus tierras y sus familias y que est\u00e1n hoy como yo. durante muchos a\u00f1os.<\/p>\n<p>Pero hoy, gracias a los Estados Unidos de Am\u00e9rica del Norte, puedo contribuir con ese grano de arena para ayudar al crecimiento de esta naci\u00f3n, de la mano de nuestros hermanos, la poblaci\u00f3n vulnerable y m\u00e1s necesitada.<\/p>\n<p>[\/et_pb_text][\/et_pb_column][et_pb_column type=\u00bb1_2&#8243; _builder_version=\u00bb4.27.4&#8243; _module_preset=\u00bbdefault\u00bb global_colors_info=\u00bb{}\u00bb][et_pb_image src=\u00bbhttps:\/\/hispana.org\/wp-content\/uploads\/2025\/05\/map-01.png\u00bb title_text=\u00bbmap-01&#8243; _builder_version=\u00bb4.27.4&#8243; _module_preset=\u00bbdefault\u00bb global_colors_info=\u00bb{}\u00bb][\/et_pb_image][\/et_pb_column][\/et_pb_row][\/et_pb_section][et_pb_section fb_built=\u00bb1&#8243; _builder_version=\u00bb4.27.4&#8243; _module_preset=\u00bbdefault\u00bb background_color=\u00bb#1a2d39&#8243; global_colors_info=\u00bb{}\u00bb][et_pb_row column_structure=\u00bb1_4,1_4,1_4,1_4&#8243; use_custom_gutter=\u00bbon\u00bb gutter_width=\u00bb2&#8243; _builder_version=\u00bb4.27.4&#8243; _module_preset=\u00bbdefault\u00bb global_colors_info=\u00bb{}\u00bb][et_pb_column type=\u00bb1_4&#8243; _builder_version=\u00bb4.27.4&#8243; _module_preset=\u00bbdefault\u00bb custom_padding=\u00bb|1%|||false|false\u00bb global_colors_info=\u00bb{}\u00bb][et_pb_image src=\u00bbhttps:\/\/hispana.org\/wp-content\/uploads\/2025\/05\/hispana_white-1.png\u00bb title_text=\u00bbhispana_white-1&#8243; _builder_version=\u00bb4.27.4&#8243; _module_preset=\u00bbdefault\u00bb width=\u00bb81%\u00bb global_colors_info=\u00bb{}\u00bb][\/et_pb_image][et_pb_text _builder_version=\u00bb4.27.4&#8243; _module_preset=\u00bbdefault\u00bb text_text_color=\u00bb#9faebe\u00bb text_font_size=\u00bb15px\u00bb header_2_font=\u00bb|300|||||||\u00bb header_2_text_color=\u00bb#2d3845&#8243; header_2_font_size=\u00bb42px\u00bb header_2_letter_spacing=\u00bb1px\u00bb header_2_line_height=\u00bb50px\u00bb header_4_font=\u00bb&#8211;et_global_heading_font||||||||\u00bb header_4_text_color=\u00bb#b2b8bf\u00bb header_4_font_size=\u00bb13px\u00bb header_4_letter_spacing=\u00bb4px\u00bb header_4_line_height=\u00bb25px\u00bb header_5_font=\u00bb&#8211;et_global_heading_font|600|||||||\u00bb header_5_font_size=\u00bb20px\u00bb header_5_line_height=\u00bb30px\u00bb custom_margin=\u00bb|-25px|||false|false\u00bb global_colors_info=\u00bb{}\u00bb]<\/p>\n<p><span>HIPANA en una organizaci\u00f3n sin fines de lucro cuya misi\u00f3n principal es atender los problemas que enfrentan los migrantes y refugiados.<\/span><\/p>\n<p>[\/et_pb_text][et_pb_social_media_follow _builder_version=\u00bb4.27.4&#8243; _module_preset=\u00bbdefault\u00bb global_colors_info=\u00bb{}\u00bb][et_pb_social_media_follow_network social_network=\u00bbfacebook\u00bb use_icon_font_size=\u00bbon\u00bb _builder_version=\u00bb4.27.4&#8243; _module_preset=\u00bbdefault\u00bb background_color=\u00bb#3b5998&#8243; global_colors_info=\u00bb{}\u00bb follow_button=\u00bboff\u00bb url_new_window=\u00bbon\u00bb]facebook[\/et_pb_social_media_follow_network][et_pb_social_media_follow_network social_network=\u00bbtwitter\u00bb _builder_version=\u00bb4.27.4&#8243; _module_preset=\u00bbdefault\u00bb background_color=\u00bb#000000&#8243; global_colors_info=\u00bb{}\u00bb follow_button=\u00bboff\u00bb url_new_window=\u00bbon\u00bb]X[\/et_pb_social_media_follow_network][et_pb_social_media_follow_network social_network=\u00bbinstagram\u00bb _builder_version=\u00bb4.27.4&#8243; _module_preset=\u00bbdefault\u00bb background_color=\u00bb#ea2c59&#8243; global_colors_info=\u00bb{}\u00bb follow_button=\u00bboff\u00bb url_new_window=\u00bbon\u00bb]instagram[\/et_pb_social_media_follow_network][et_pb_social_media_follow_network social_network=\u00bblinkedin\u00bb _builder_version=\u00bb4.27.4&#8243; _module_preset=\u00bbdefault\u00bb background_color=\u00bb#007bb6&#8243; global_colors_info=\u00bb{}\u00bb follow_button=\u00bboff\u00bb url_new_window=\u00bbon\u00bb]linkedin[\/et_pb_social_media_follow_network][\/et_pb_social_media_follow][\/et_pb_column][et_pb_column type=\u00bb1_4&#8243; _builder_version=\u00bb4.27.4&#8243; _module_preset=\u00bbdefault\u00bb custom_padding=\u00bb|||10%|false|false\u00bb global_colors_info=\u00bb{}\u00bb][et_pb_text _builder_version=\u00bb4.27.4&#8243; _module_preset=\u00bbdefault\u00bb header_2_font=\u00bb|300|||||||\u00bb header_2_text_color=\u00bb#2d3845&#8243; header_2_font_size=\u00bb42px\u00bb header_2_letter_spacing=\u00bb1px\u00bb header_2_line_height=\u00bb50px\u00bb header_3_font=\u00bb&#8211;et_global_heading_font|600|||||||\u00bb header_3_text_align=\u00bbleft\u00bb header_3_text_color=\u00bb#FFFFFF\u00bb header_3_font_size=\u00bb16px\u00bb header_3_line_height=\u00bb36px\u00bb header_4_font=\u00bb&#8211;et_global_heading_font||||||||\u00bb header_4_text_color=\u00bb#b2b8bf\u00bb header_4_font_size=\u00bb13px\u00bb header_4_letter_spacing=\u00bb4px\u00bb header_4_line_height=\u00bb25px\u00bb custom_margin=\u00bb||6px|||\u00bb global_colors_info=\u00bb{}\u00bb]<\/p>\n<h3>ENLACES<\/h3>\n<p>[\/et_pb_text][et_pb_blurb title=\u00bbInicio\u00bb use_icon=\u00bbon\u00bb font_icon=\u00bb&#x35;||divi||400&#8243; icon_color=\u00bb#9faebe\u00bb image_icon_background_color=\u00bbRGBA(255,255,255,0)\u00bb icon_placement=\u00bbleft\u00bb image_icon_width=\u00bb15px\u00bb _builder_version=\u00bb4.27.4&#8243; _module_preset=\u00bbdefault\u00bb header_text_align=\u00bbleft\u00bb header_text_color=\u00bb#9faebe\u00bb header_font_size=\u00bb14px\u00bb text_orientation=\u00bbcenter\u00bb border_color_all_image=\u00bbRGBA(255,255,255,0)\u00bb border_style_all_image=\u00bbdouble\u00bb global_colors_info=\u00bb{}\u00bb][\/et_pb_blurb][et_pb_blurb title=\u00bbProgramas\u00bb use_icon=\u00bbon\u00bb font_icon=\u00bb&#x35;||divi||400&#8243; icon_color=\u00bb#9faebe\u00bb image_icon_background_color=\u00bbRGBA(255,255,255,0)\u00bb icon_placement=\u00bbleft\u00bb image_icon_width=\u00bb15px\u00bb _builder_version=\u00bb4.27.4&#8243; _module_preset=\u00bbdefault\u00bb header_text_align=\u00bbleft\u00bb header_text_color=\u00bb#9faebe\u00bb header_font_size=\u00bb14px\u00bb text_orientation=\u00bbcenter\u00bb border_color_all_image=\u00bbRGBA(255,255,255,0)\u00bb border_style_all_image=\u00bbdouble\u00bb global_colors_info=\u00bb{}\u00bb][\/et_pb_blurb][et_pb_blurb title=\u00bbSobre nosotros\u00bb use_icon=\u00bbon\u00bb font_icon=\u00bb&#x35;||divi||400&#8243; icon_color=\u00bb#9faebe\u00bb image_icon_background_color=\u00bbRGBA(255,255,255,0)\u00bb icon_placement=\u00bbleft\u00bb image_icon_width=\u00bb15px\u00bb _builder_version=\u00bb4.27.4&#8243; _module_preset=\u00bbdefault\u00bb header_text_align=\u00bbleft\u00bb header_text_color=\u00bb#9faebe\u00bb header_font_size=\u00bb14px\u00bb text_orientation=\u00bbcenter\u00bb custom_margin=\u00bb|-7px|||false|false\u00bb border_color_all_image=\u00bbRGBA(255,255,255,0)\u00bb border_style_all_image=\u00bbdouble\u00bb global_colors_info=\u00bb{}\u00bb][\/et_pb_blurb][et_pb_blurb title=\u00bbPol\u00edtica de Privacidad\u00bb use_icon=\u00bbon\u00bb font_icon=\u00bb&#x35;||divi||400&#8243; icon_color=\u00bb#9faebe\u00bb image_icon_background_color=\u00bbRGBA(255,255,255,0)\u00bb icon_placement=\u00bbleft\u00bb image_icon_width=\u00bb15px\u00bb _builder_version=\u00bb4.27.4&#8243; _module_preset=\u00bbdefault\u00bb header_text_align=\u00bbleft\u00bb header_text_color=\u00bb#9faebe\u00bb header_font_size=\u00bb14px\u00bb text_orientation=\u00bbcenter\u00bb custom_margin=\u00bb|-44px|||false|false\u00bb border_color_all_image=\u00bbRGBA(255,255,255,0)\u00bb border_style_all_image=\u00bbdouble\u00bb global_colors_info=\u00bb{}\u00bb][\/et_pb_blurb][\/et_pb_column][et_pb_column type=\u00bb1_4&#8243; _builder_version=\u00bb4.27.4&#8243; _module_preset=\u00bbdefault\u00bb custom_padding=\u00bb|||10%|false|false\u00bb global_colors_info=\u00bb{}\u00bb][et_pb_text _builder_version=\u00bb4.27.4&#8243; _module_preset=\u00bbdefault\u00bb header_2_font=\u00bb|300|||||||\u00bb header_2_text_color=\u00bb#2d3845&#8243; header_2_font_size=\u00bb42px\u00bb header_2_letter_spacing=\u00bb1px\u00bb header_2_line_height=\u00bb50px\u00bb header_3_font=\u00bb&#8211;et_global_heading_font|600|||||||\u00bb header_3_text_align=\u00bbleft\u00bb header_3_text_color=\u00bb#FFFFFF\u00bb header_3_font_size=\u00bb16px\u00bb header_3_line_height=\u00bb36px\u00bb header_4_font=\u00bb&#8211;et_global_heading_font||||||||\u00bb header_4_text_color=\u00bb#b2b8bf\u00bb header_4_font_size=\u00bb13px\u00bb header_4_letter_spacing=\u00bb4px\u00bb header_4_line_height=\u00bb25px\u00bb custom_margin=\u00bb||6px|||\u00bb global_colors_info=\u00bb{}\u00bb]<\/p>\n<h3>BUSQUEDA<\/h3>\n<p>[\/et_pb_text][et_pb_search _builder_version=\u00bb4.27.4&#8243; _module_preset=\u00bbdefault\u00bb global_colors_info=\u00bb{}\u00bb][\/et_pb_search][\/et_pb_column][et_pb_column type=\u00bb1_4&#8243; _builder_version=\u00bb4.27.4&#8243; _module_preset=\u00bbdefault\u00bb custom_padding=\u00bb|||10%|false|false\u00bb global_colors_info=\u00bb{}\u00bb][et_pb_text _builder_version=\u00bb4.27.4&#8243; _module_preset=\u00bbdefault\u00bb header_2_font=\u00bb|300|||||||\u00bb header_2_text_color=\u00bb#2d3845&#8243; header_2_font_size=\u00bb42px\u00bb header_2_letter_spacing=\u00bb1px\u00bb header_2_line_height=\u00bb50px\u00bb header_3_font=\u00bb&#8211;et_global_heading_font|600|||||||\u00bb header_3_text_align=\u00bbleft\u00bb header_3_text_color=\u00bb#FFFFFF\u00bb header_3_font_size=\u00bb16px\u00bb header_3_line_height=\u00bb36px\u00bb header_4_font=\u00bb&#8211;et_global_heading_font||||||||\u00bb header_4_text_color=\u00bb#b2b8bf\u00bb header_4_font_size=\u00bb13px\u00bb header_4_letter_spacing=\u00bb4px\u00bb header_4_line_height=\u00bb25px\u00bb custom_margin=\u00bb||6px|||\u00bb global_colors_info=\u00bb{}\u00bb]<\/p>\n<h3>CONT\u00c1CTANOS<\/h3>\n<p>[\/et_pb_text][et_pb_blurb title=\u00bbDirecci\u00f3n\u00bb use_icon=\u00bbon\u00bb font_icon=\u00bb&#xe01d;||divi||400&#8243; image_icon_background_color=\u00bbRGBA(255,255,255,0)\u00bb icon_placement=\u00bbleft\u00bb image_icon_width=\u00bb25px\u00bb _builder_version=\u00bb4.27.4&#8243; _module_preset=\u00bbdefault\u00bb header_text_align=\u00bbleft\u00bb header_text_color=\u00bb#FFFFFF\u00bb header_font_size=\u00bb14px\u00bb custom_margin=\u00bb|-84px|||false|false\u00bb border_color_all_image=\u00bbRGBA(255,255,255,0)\u00bb border_style_all_image=\u00bbdouble\u00bb global_colors_info=\u00bb{}\u00bb]11210 W Minnezona Ave<br \/>\nPhoenix, AZ 85037 -5127[\/et_pb_blurb][et_pb_blurb title=\u00bbTel\u00e9fono\u00bb use_icon=\u00bbon\u00bb font_icon=\u00bb&#xf3cd;||fa||900&#8243; image_icon_background_color=\u00bbRGBA(255,255,255,0)\u00bb icon_placement=\u00bbleft\u00bb image_icon_width=\u00bb25px\u00bb _builder_version=\u00bb4.27.4&#8243; _module_preset=\u00bbdefault\u00bb header_text_align=\u00bbleft\u00bb header_text_color=\u00bb#FFFFFF\u00bb header_font_size=\u00bb14px\u00bb custom_margin=\u00bb|-84px|||false|false\u00bb border_color_all_image=\u00bbRGBA(255,255,255,0)\u00bb border_style_all_image=\u00bbdouble\u00bb global_colors_info=\u00bb{}\u00bb]<\/p>\n<p>(650) 733-6530<\/p>\n<p>[\/et_pb_blurb][et_pb_blurb title=\u00bbDirecci\u00f3n de Email\u00bb use_icon=\u00bbon\u00bb font_icon=\u00bb&#xf0e0;||fa||400&#8243; image_icon_background_color=\u00bbRGBA(255,255,255,0)\u00bb icon_placement=\u00bbleft\u00bb image_icon_width=\u00bb25px\u00bb _builder_version=\u00bb4.27.4&#8243; _module_preset=\u00bbdefault\u00bb header_text_align=\u00bbleft\u00bb header_text_color=\u00bb#FFFFFF\u00bb header_font_size=\u00bb14px\u00bb custom_margin=\u00bb|-84px|||false|false\u00bb border_color_all_image=\u00bbRGBA(255,255,255,0)\u00bb border_style_all_image=\u00bbdouble\u00bb global_colors_info=\u00bb{}\u00bb]<\/p>\n<p>info@hispana.org<\/p>\n<p>[\/et_pb_blurb][\/et_pb_column][\/et_pb_row][\/et_pb_section]<\/p>\n","protected":false},"excerpt":{"rendered":"<p>Sobre Nosotros<div class=\"et_pb_module dsm_breadcrumbs dsm_breadcrumbs_0\">\n\t\t\t\t\n\t\t\t\t\n\t\t\t\t\n\t\t\t\t\n\t\t\t\t\n\t\t\t\t\n\t\t\t\t<div class=\"et_pb_module_inner\">\n\t\t\t\t\t<nav class=\"dsm_breadcrumbs_wrap\">\n\t\t\t\t<ul class=\"dsm_breadcrumbs\" itemscope itemtype=\"https:\/\/schema.org\/BreadcrumbList\">\t\t\t<li class=\"dsm_breadcrumbs_item dsm_home_item dsm_home_item_custom\" itemprop=\"itemListElement\" itemscope\n\t\t\titemtype=\"https:\/\/schema.org\/ListItem\">\n\t\t\t\t<a href=\"https:\/\/hispana.org\/\" itemprop=\"item\" target=\"\">\n\t\t\t\t\t<span class='dsm_home_text_wrapper'>\n\t\t\t\t\t\t\t\t\t\t\t\t\t<span class=\"et-pb-icon dsm_home_icon\">\ue009<\/span>\n\t\t\t\t\t\t\t\t\t\t\t\t\t<span class=\"dsm_home_text\" itemprop=\"name\">\n\t\t\t\t\t\t\t\tInicio\t\t\t\t\t\t\t<\/span>\n\t\t\t\t\t<\/span>\n\t\t\t\t<\/a>\n\t\t\t\t<meta itemprop=\"position\" content=\"1\" \/>\n\t\t\t<\/li>\n\n\t\t<li class=\"dsm_breadcrumbs_separator\"> <span class=\"et-pb-icon dsm_separator_icon\">5<\/span><\/li><\/ul>\n\t\t\t<\/nav>\n\t\t\t\t<\/div>\n\t\t\t<\/div>Hispana se basa en apoyo incondicional a personas necesitadasHispana se dedica a la defensa y protecci\u00f3n de la poblaci\u00f3n en condicion de necesidad promoviendo la inclusi\u00f3n de estas personas.HIPANA en una organizaci\u00f3n sin fines de lucro cuya misi\u00f3n principal es atender los problemas que enfrentan los migrantes y refugiados desde una perspectiva integral, dando relevancia a la promoci\u00f3n y defensa de sus derechos humanos, apoyo social y legal, educaci\u00f3n, difusi\u00f3n y v\u00ednculos. y participaci\u00f3n en el desarrollo de legislaci\u00f3n, pol\u00edticas y programas de inmigraci\u00f3n.Comprometidos con aquellos que M\u00e1s\u00a0 necesitanDurante muchos a\u00f1os, como ciudadano inmigrante y vulnerable, siempre tuve la iniciativa de ayudar y promover el crecimiento personal en todos y cada uno de esos hermanos que, en busca de un futuro mejor, abandonaron sus tierras y sus familias y que est\u00e1n hoy como yo. durante muchos a\u00f1os. Pero hoy, gracias a los Estados Unidos de Am\u00e9rica del Norte, puedo contribuir con ese grano de arena para ayudar al crecimiento de esta naci\u00f3n, de la mano de nuestros hermanos, la poblaci\u00f3n vulnerable y m\u00e1s necesitada.HIPANA en una organizaci\u00f3n sin fines de lucro cuya misi\u00f3n principal es atender los problemas que [&hellip;]<\/p>\n","protected":false},"author":1,"featured_media":0,"parent":0,"menu_order":0,"comment_status":"closed","ping_status":"closed","template":"page-template-blank.php","meta":{"_et_pb_use_builder":"on","_et_pb_old_content":"","_et_gb_content_width":"","footnotes":""},"class_list":["post-162","page","type-page","status-publish","hentry"],"_links":{"self":[{"href":"https:\/\/hispana.org\/es\/wp-json\/wp\/v2\/pages\/162","targetHints":{"allow":["GET"]}}],"collection":[{"href":"https:\/\/hispana.org\/es\/wp-json\/wp\/v2\/pages"}],"about":[{"href":"https:\/\/hispana.org\/es\/wp-json\/wp\/v2\/types\/page"}],"author":[{"embeddable":true,"href":"https:\/\/hispana.org\/es\/wp-json\/wp\/v2\/users\/1"}],"replies":[{"embeddable":true,"href":"https:\/\/hispana.org\/es\/wp-json\/wp\/v2\/comments?post=162"}],"version-history":[{"count":6,"href":"https:\/\/hispana.org\/es\/wp-json\/wp\/v2\/pages\/162\/revisions"}],"predecessor-version":[{"id":328,"href":"https:\/\/hispana.org\/es\/wp-json\/wp\/v2\/pages\/162\/revisions\/328"}],"wp:attachment":[{"href":"https:\/\/hispana.org\/es\/wp-json\/wp\/v2\/media?parent=162"}],"curies":[{"name":"wp","href":"https:\/\/api.w.org\/{rel}","templated":true}]}}