{"id":184,"date":"2025-05-30T22:45:22","date_gmt":"2025-05-30T22:45:22","guid":{"rendered":"https:\/\/hispana.org\/?page_id=184"},"modified":"2025-05-30T23:09:17","modified_gmt":"2025-05-30T23:09:17","slug":"hispana","status":"publish","type":"page","link":"https:\/\/hispana.org\/es\/hispana\/","title":{"rendered":"Hispana"},"content":{"rendered":"<p>[et_pb_section fb_built=\u00bb1&#8243; _builder_version=\u00bb4.27.4&#8243; _module_preset=\u00bbdefault\u00bb custom_padding=\u00bb8px||8px|||\u00bb global_module=\u00bb152&#8243; saved_tabs=\u00bball\u00bb global_colors_info=\u00bb{}\u00bb][et_pb_row column_structure=\u00bb2_5,3_5&#8243; _builder_version=\u00bb4.27.4&#8243; _module_preset=\u00bbdefault\u00bb global_colors_info=\u00bb{}\u00bb][et_pb_column type=\u00bb2_5&#8243; _builder_version=\u00bb4.27.4&#8243; _module_preset=\u00bbdefault\u00bb global_colors_info=\u00bb{}\u00bb][et_pb_image src=\u00bbhttps:\/\/hispana.org\/wp-content\/uploads\/2025\/05\/hispana_sin_slogan.png\u00bb title_text=\u00bbhispana_sin_slogan\u00bb url=\u00bbhttps:\/\/hispana.org\/\u00bb _builder_version=\u00bb4.27.4&#8243; _module_preset=\u00bbdefault\u00bb width=\u00bb50%\u00bb global_colors_info=\u00bb{}\u00bb][\/et_pb_image][\/et_pb_column][et_pb_column type=\u00bb3_5&#8243; _builder_version=\u00bb4.27.4&#8243; _module_preset=\u00bbdefault\u00bb global_colors_info=\u00bb{}\u00bb][et_pb_menu menu_id=\u00bb2&#8243; menu_style=\u00bbcentered\u00bb _builder_version=\u00bb4.27.4&#8243; _module_preset=\u00bbdefault\u00bb custom_margin=\u00bb9px||||false|false\u00bb global_colors_info=\u00bb{}\u00bb][\/et_pb_menu][\/et_pb_column][\/et_pb_row][\/et_pb_section][et_pb_section fb_built=\u00bb1&#8243; _builder_version=\u00bb4.27.4&#8243; _module_preset=\u00bbdefault\u00bb background_color=\u00bb#2d3845&#8243; custom_padding=\u00bb24px||16px|||\u00bb global_colors_info=\u00bb{}\u00bb][et_pb_row use_custom_gutter=\u00bbon\u00bb _builder_version=\u00bb4.27.4&#8243; _module_preset=\u00bbdefault\u00bb max_width=\u00bb1154px\u00bb global_colors_info=\u00bb{}\u00bb][et_pb_column type=\u00bb4_4&#8243; _builder_version=\u00bb4.27.4&#8243; _module_preset=\u00bbdefault\u00bb global_colors_info=\u00bb{}\u00bb][et_pb_text _builder_version=\u00bb4.27.4&#8243; _module_preset=\u00bbdefault\u00bb header_2_font=\u00bb||||||||\u00bb header_2_text_color=\u00bb#FFFFFF\u00bb header_2_font_size=\u00bb42px\u00bb header_2_letter_spacing=\u00bb1px\u00bb header_2_line_height=\u00bb50px\u00bb header_4_font=\u00bb&#8211;et_global_heading_font||||||||\u00bb header_4_text_color=\u00bb#b2b8bf\u00bb header_4_font_size=\u00bb13px\u00bb header_4_letter_spacing=\u00bb4px\u00bb header_4_line_height=\u00bb25px\u00bb custom_margin=\u00bb||2px|||\u00bb global_colors_info=\u00bb{}\u00bb]<\/p>\n<h2>Hispana<\/h2>\n<p>[\/et_pb_text][dsm_breadcrumbs home_text=\u00bbInicio\u00bb use_custom_home_url_link=\u00bbon\u00bb home_url_link=\u00bbhttps:\/\/hispana.org\/\u00bb _builder_version=\u00bb4.27.4&#8243; _module_preset=\u00bbdefault\u00bb items_font=\u00bb&#8211;et_global_body_font||||||||\u00bb items_text_color=\u00bb#FFFFFF\u00bb items_font_size=\u00bb16px\u00bb home_icon_font_size=\u00bb18px\u00bb global_colors_info=\u00bb{}\u00bb][\/dsm_breadcrumbs][\/et_pb_column][\/et_pb_row][\/et_pb_section][et_pb_section fb_built=\u00bb1&#8243; _builder_version=\u00bb4.27.4&#8243; _module_preset=\u00bbdefault\u00bb custom_padding=\u00bb23px|||||\u00bb global_colors_info=\u00bb{}\u00bb][et_pb_row _builder_version=\u00bb4.27.4&#8243; _module_preset=\u00bbdefault\u00bb global_colors_info=\u00bb{}\u00bb][et_pb_column type=\u00bb4_4&#8243; _builder_version=\u00bb4.27.4&#8243; _module_preset=\u00bbdefault\u00bb global_colors_info=\u00bb{}\u00bb][et_pb_gallery gallery_ids=\u00bb191,197,196,194,205,202,203,204&#8243; posts_number=\u00bb8&#8243; show_title_and_caption=\u00bboff\u00bb _builder_version=\u00bb4.27.4&#8243; _module_preset=\u00bbdefault\u00bb hover_enabled=\u00bb0&#8243; global_colors_info=\u00bb{}\u00bb orientation=\u00bbportrait\u00bb sticky_enabled=\u00bb0&#8243;][\/et_pb_gallery][\/et_pb_column][\/et_pb_row][\/et_pb_section][et_pb_section fb_built=\u00bb1&#8243; _builder_version=\u00bb4.27.4&#8243; _module_preset=\u00bbdefault\u00bb background_color=\u00bb#1a2d39&#8243; global_colors_info=\u00bb{}\u00bb][et_pb_row column_structure=\u00bb1_4,1_4,1_4,1_4&#8243; use_custom_gutter=\u00bbon\u00bb gutter_width=\u00bb2&#8243; _builder_version=\u00bb4.27.4&#8243; _module_preset=\u00bbdefault\u00bb global_colors_info=\u00bb{}\u00bb][et_pb_column type=\u00bb1_4&#8243; _builder_version=\u00bb4.27.4&#8243; _module_preset=\u00bbdefault\u00bb custom_padding=\u00bb|1%|||false|false\u00bb global_colors_info=\u00bb{}\u00bb][et_pb_image src=\u00bbhttps:\/\/hispana.org\/wp-content\/uploads\/2025\/05\/hispana_white-1.png\u00bb title_text=\u00bbhispana_white-1&#8243; _builder_version=\u00bb4.27.4&#8243; _module_preset=\u00bbdefault\u00bb width=\u00bb81%\u00bb global_colors_info=\u00bb{}\u00bb][\/et_pb_image][et_pb_text _builder_version=\u00bb4.27.4&#8243; _module_preset=\u00bbdefault\u00bb text_text_color=\u00bb#9faebe\u00bb text_font_size=\u00bb15px\u00bb header_2_font=\u00bb|300|||||||\u00bb header_2_text_color=\u00bb#2d3845&#8243; header_2_font_size=\u00bb42px\u00bb header_2_letter_spacing=\u00bb1px\u00bb header_2_line_height=\u00bb50px\u00bb header_4_font=\u00bb&#8211;et_global_heading_font||||||||\u00bb header_4_text_color=\u00bb#b2b8bf\u00bb header_4_font_size=\u00bb13px\u00bb header_4_letter_spacing=\u00bb4px\u00bb header_4_line_height=\u00bb25px\u00bb header_5_font=\u00bb&#8211;et_global_heading_font|600|||||||\u00bb header_5_font_size=\u00bb20px\u00bb header_5_line_height=\u00bb30px\u00bb custom_margin=\u00bb|-25px|||false|false\u00bb global_colors_info=\u00bb{}\u00bb]<\/p>\n<p><span>HIPANA en una organizaci\u00f3n sin fines de lucro cuya misi\u00f3n principal es atender los problemas que enfrentan los migrantes y refugiados.<\/span><\/p>\n<p>[\/et_pb_text][et_pb_social_media_follow _builder_version=\u00bb4.27.4&#8243; _module_preset=\u00bbdefault\u00bb global_colors_info=\u00bb{}\u00bb][et_pb_social_media_follow_network social_network=\u00bbfacebook\u00bb use_icon_font_size=\u00bbon\u00bb _builder_version=\u00bb4.27.4&#8243; _module_preset=\u00bbdefault\u00bb background_color=\u00bb#3b5998&#8243; global_colors_info=\u00bb{}\u00bb follow_button=\u00bboff\u00bb url_new_window=\u00bbon\u00bb]facebook[\/et_pb_social_media_follow_network][et_pb_social_media_follow_network social_network=\u00bbtwitter\u00bb _builder_version=\u00bb4.27.4&#8243; _module_preset=\u00bbdefault\u00bb background_color=\u00bb#000000&#8243; global_colors_info=\u00bb{}\u00bb follow_button=\u00bboff\u00bb url_new_window=\u00bbon\u00bb]X[\/et_pb_social_media_follow_network][et_pb_social_media_follow_network social_network=\u00bbinstagram\u00bb _builder_version=\u00bb4.27.4&#8243; _module_preset=\u00bbdefault\u00bb background_color=\u00bb#ea2c59&#8243; global_colors_info=\u00bb{}\u00bb follow_button=\u00bboff\u00bb url_new_window=\u00bbon\u00bb]instagram[\/et_pb_social_media_follow_network][et_pb_social_media_follow_network social_network=\u00bblinkedin\u00bb _builder_version=\u00bb4.27.4&#8243; _module_preset=\u00bbdefault\u00bb background_color=\u00bb#007bb6&#8243; global_colors_info=\u00bb{}\u00bb follow_button=\u00bboff\u00bb url_new_window=\u00bbon\u00bb]linkedin[\/et_pb_social_media_follow_network][\/et_pb_social_media_follow][\/et_pb_column][et_pb_column type=\u00bb1_4&#8243; _builder_version=\u00bb4.27.4&#8243; _module_preset=\u00bbdefault\u00bb custom_padding=\u00bb|||10%|false|false\u00bb global_colors_info=\u00bb{}\u00bb][et_pb_text _builder_version=\u00bb4.27.4&#8243; _module_preset=\u00bbdefault\u00bb header_2_font=\u00bb|300|||||||\u00bb header_2_text_color=\u00bb#2d3845&#8243; header_2_font_size=\u00bb42px\u00bb header_2_letter_spacing=\u00bb1px\u00bb header_2_line_height=\u00bb50px\u00bb header_3_font=\u00bb&#8211;et_global_heading_font|600|||||||\u00bb header_3_text_align=\u00bbleft\u00bb header_3_text_color=\u00bb#FFFFFF\u00bb header_3_font_size=\u00bb16px\u00bb header_3_line_height=\u00bb36px\u00bb header_4_font=\u00bb&#8211;et_global_heading_font||||||||\u00bb header_4_text_color=\u00bb#b2b8bf\u00bb header_4_font_size=\u00bb13px\u00bb header_4_letter_spacing=\u00bb4px\u00bb header_4_line_height=\u00bb25px\u00bb custom_margin=\u00bb||6px|||\u00bb global_colors_info=\u00bb{}\u00bb]<\/p>\n<h3>ENLACES<\/h3>\n<p>[\/et_pb_text][et_pb_blurb title=\u00bbInicio\u00bb use_icon=\u00bbon\u00bb font_icon=\u00bb&#x35;||divi||400&#8243; icon_color=\u00bb#9faebe\u00bb image_icon_background_color=\u00bbRGBA(255,255,255,0)\u00bb icon_placement=\u00bbleft\u00bb image_icon_width=\u00bb15px\u00bb _builder_version=\u00bb4.27.4&#8243; _module_preset=\u00bbdefault\u00bb header_text_align=\u00bbleft\u00bb header_text_color=\u00bb#9faebe\u00bb header_font_size=\u00bb14px\u00bb text_orientation=\u00bbcenter\u00bb border_color_all_image=\u00bbRGBA(255,255,255,0)\u00bb border_style_all_image=\u00bbdouble\u00bb global_colors_info=\u00bb{}\u00bb][\/et_pb_blurb][et_pb_blurb title=\u00bbProgramas\u00bb use_icon=\u00bbon\u00bb font_icon=\u00bb&#x35;||divi||400&#8243; icon_color=\u00bb#9faebe\u00bb image_icon_background_color=\u00bbRGBA(255,255,255,0)\u00bb icon_placement=\u00bbleft\u00bb image_icon_width=\u00bb15px\u00bb _builder_version=\u00bb4.27.4&#8243; _module_preset=\u00bbdefault\u00bb header_text_align=\u00bbleft\u00bb header_text_color=\u00bb#9faebe\u00bb header_font_size=\u00bb14px\u00bb text_orientation=\u00bbcenter\u00bb border_color_all_image=\u00bbRGBA(255,255,255,0)\u00bb border_style_all_image=\u00bbdouble\u00bb global_colors_info=\u00bb{}\u00bb][\/et_pb_blurb][et_pb_blurb title=\u00bbSobre nosotros\u00bb use_icon=\u00bbon\u00bb font_icon=\u00bb&#x35;||divi||400&#8243; icon_color=\u00bb#9faebe\u00bb image_icon_background_color=\u00bbRGBA(255,255,255,0)\u00bb icon_placement=\u00bbleft\u00bb image_icon_width=\u00bb15px\u00bb _builder_version=\u00bb4.27.4&#8243; _module_preset=\u00bbdefault\u00bb header_text_align=\u00bbleft\u00bb header_text_color=\u00bb#9faebe\u00bb header_font_size=\u00bb14px\u00bb text_orientation=\u00bbcenter\u00bb custom_margin=\u00bb|-7px|||false|false\u00bb border_color_all_image=\u00bbRGBA(255,255,255,0)\u00bb border_style_all_image=\u00bbdouble\u00bb global_colors_info=\u00bb{}\u00bb][\/et_pb_blurb][et_pb_blurb title=\u00bbPol\u00edtica de Privacidad\u00bb use_icon=\u00bbon\u00bb font_icon=\u00bb&#x35;||divi||400&#8243; icon_color=\u00bb#9faebe\u00bb image_icon_background_color=\u00bbRGBA(255,255,255,0)\u00bb icon_placement=\u00bbleft\u00bb image_icon_width=\u00bb15px\u00bb _builder_version=\u00bb4.27.4&#8243; _module_preset=\u00bbdefault\u00bb header_text_align=\u00bbleft\u00bb header_text_color=\u00bb#9faebe\u00bb header_font_size=\u00bb14px\u00bb text_orientation=\u00bbcenter\u00bb custom_margin=\u00bb|-44px|||false|false\u00bb border_color_all_image=\u00bbRGBA(255,255,255,0)\u00bb border_style_all_image=\u00bbdouble\u00bb global_colors_info=\u00bb{}\u00bb][\/et_pb_blurb][\/et_pb_column][et_pb_column type=\u00bb1_4&#8243; _builder_version=\u00bb4.27.4&#8243; _module_preset=\u00bbdefault\u00bb custom_padding=\u00bb|||10%|false|false\u00bb global_colors_info=\u00bb{}\u00bb][et_pb_text _builder_version=\u00bb4.27.4&#8243; _module_preset=\u00bbdefault\u00bb header_2_font=\u00bb|300|||||||\u00bb header_2_text_color=\u00bb#2d3845&#8243; header_2_font_size=\u00bb42px\u00bb header_2_letter_spacing=\u00bb1px\u00bb header_2_line_height=\u00bb50px\u00bb header_3_font=\u00bb&#8211;et_global_heading_font|600|||||||\u00bb header_3_text_align=\u00bbleft\u00bb header_3_text_color=\u00bb#FFFFFF\u00bb header_3_font_size=\u00bb16px\u00bb header_3_line_height=\u00bb36px\u00bb header_4_font=\u00bb&#8211;et_global_heading_font||||||||\u00bb header_4_text_color=\u00bb#b2b8bf\u00bb header_4_font_size=\u00bb13px\u00bb header_4_letter_spacing=\u00bb4px\u00bb header_4_line_height=\u00bb25px\u00bb custom_margin=\u00bb||6px|||\u00bb global_colors_info=\u00bb{}\u00bb]<\/p>\n<h3>BUSQUEDA<\/h3>\n<p>[\/et_pb_text][et_pb_search _builder_version=\u00bb4.27.4&#8243; _module_preset=\u00bbdefault\u00bb global_colors_info=\u00bb{}\u00bb][\/et_pb_search][\/et_pb_column][et_pb_column type=\u00bb1_4&#8243; _builder_version=\u00bb4.27.4&#8243; _module_preset=\u00bbdefault\u00bb custom_padding=\u00bb|||10%|false|false\u00bb global_colors_info=\u00bb{}\u00bb][et_pb_text _builder_version=\u00bb4.27.4&#8243; _module_preset=\u00bbdefault\u00bb header_2_font=\u00bb|300|||||||\u00bb header_2_text_color=\u00bb#2d3845&#8243; header_2_font_size=\u00bb42px\u00bb header_2_letter_spacing=\u00bb1px\u00bb header_2_line_height=\u00bb50px\u00bb header_3_font=\u00bb&#8211;et_global_heading_font|600|||||||\u00bb header_3_text_align=\u00bbleft\u00bb header_3_text_color=\u00bb#FFFFFF\u00bb header_3_font_size=\u00bb16px\u00bb header_3_line_height=\u00bb36px\u00bb header_4_font=\u00bb&#8211;et_global_heading_font||||||||\u00bb header_4_text_color=\u00bb#b2b8bf\u00bb header_4_font_size=\u00bb13px\u00bb header_4_letter_spacing=\u00bb4px\u00bb header_4_line_height=\u00bb25px\u00bb custom_margin=\u00bb||6px|||\u00bb global_colors_info=\u00bb{}\u00bb]<\/p>\n<h3>CONT\u00c1CTANOS<\/h3>\n<p>[\/et_pb_text][et_pb_blurb title=\u00bbDirecci\u00f3n\u00bb use_icon=\u00bbon\u00bb font_icon=\u00bb&#xe01d;||divi||400&#8243; image_icon_background_color=\u00bbRGBA(255,255,255,0)\u00bb icon_placement=\u00bbleft\u00bb image_icon_width=\u00bb25px\u00bb _builder_version=\u00bb4.27.4&#8243; _module_preset=\u00bbdefault\u00bb header_text_align=\u00bbleft\u00bb header_text_color=\u00bb#FFFFFF\u00bb header_font_size=\u00bb14px\u00bb custom_margin=\u00bb|-84px|||false|false\u00bb border_color_all_image=\u00bbRGBA(255,255,255,0)\u00bb border_style_all_image=\u00bbdouble\u00bb global_colors_info=\u00bb{}\u00bb]11210 W Minnezona Ave<br \/>\nPhoenix, AZ 85037 -5127[\/et_pb_blurb][et_pb_blurb title=\u00bbTel\u00e9fono\u00bb use_icon=\u00bbon\u00bb font_icon=\u00bb&#xf3cd;||fa||900&#8243; image_icon_background_color=\u00bbRGBA(255,255,255,0)\u00bb icon_placement=\u00bbleft\u00bb image_icon_width=\u00bb25px\u00bb _builder_version=\u00bb4.27.4&#8243; _module_preset=\u00bbdefault\u00bb header_text_align=\u00bbleft\u00bb header_text_color=\u00bb#FFFFFF\u00bb header_font_size=\u00bb14px\u00bb custom_margin=\u00bb|-84px|||false|false\u00bb border_color_all_image=\u00bbRGBA(255,255,255,0)\u00bb border_style_all_image=\u00bbdouble\u00bb global_colors_info=\u00bb{}\u00bb]<\/p>\n<p>(650) 733-6530<\/p>\n<p>[\/et_pb_blurb][et_pb_blurb title=\u00bbDirecci\u00f3n de Email\u00bb use_icon=\u00bbon\u00bb font_icon=\u00bb&#xf0e0;||fa||400&#8243; image_icon_background_color=\u00bbRGBA(255,255,255,0)\u00bb icon_placement=\u00bbleft\u00bb image_icon_width=\u00bb25px\u00bb _builder_version=\u00bb4.27.4&#8243; _module_preset=\u00bbdefault\u00bb header_text_align=\u00bbleft\u00bb header_text_color=\u00bb#FFFFFF\u00bb header_font_size=\u00bb14px\u00bb custom_margin=\u00bb|-84px|||false|false\u00bb border_color_all_image=\u00bbRGBA(255,255,255,0)\u00bb border_style_all_image=\u00bbdouble\u00bb global_colors_info=\u00bb{}\u00bb]<\/p>\n<p>info@hispana.org<\/p>\n<p>[\/et_pb_blurb][\/et_pb_column][\/et_pb_row][\/et_pb_section]<\/p>\n","protected":false},"excerpt":{"rendered":"<p>Hispana<div class=\"et_pb_module dsm_breadcrumbs dsm_breadcrumbs_0\">\n\t\t\t\t\n\t\t\t\t\n\t\t\t\t\n\t\t\t\t\n\t\t\t\t\n\t\t\t\t\n\t\t\t\t<div class=\"et_pb_module_inner\">\n\t\t\t\t\t<nav class=\"dsm_breadcrumbs_wrap\">\n\t\t\t\t<ul class=\"dsm_breadcrumbs\" itemscope itemtype=\"https:\/\/schema.org\/BreadcrumbList\">\t\t\t<li class=\"dsm_breadcrumbs_item dsm_home_item dsm_home_item_custom\" itemprop=\"itemListElement\" itemscope\n\t\t\titemtype=\"https:\/\/schema.org\/ListItem\">\n\t\t\t\t<a href=\"https:\/\/hispana.org\/\" itemprop=\"item\" target=\"\">\n\t\t\t\t\t<span class='dsm_home_text_wrapper'>\n\t\t\t\t\t\t\t\t\t\t\t\t\t<span class=\"et-pb-icon dsm_home_icon\">\ue009<\/span>\n\t\t\t\t\t\t\t\t\t\t\t\t\t<span class=\"dsm_home_text\" itemprop=\"name\">\n\t\t\t\t\t\t\t\tInicio\t\t\t\t\t\t\t<\/span>\n\t\t\t\t\t<\/span>\n\t\t\t\t<\/a>\n\t\t\t\t<meta itemprop=\"position\" content=\"1\" \/>\n\t\t\t<\/li>\n\n\t\t<li class=\"dsm_breadcrumbs_separator\"> <span class=\"et-pb-icon dsm_separator_icon\">5<\/span><\/li><\/ul>\n\t\t\t<\/nav>\n\t\t\t\t<\/div>\n\t\t\t<\/div>HIPANA en una organizaci\u00f3n sin fines de lucro cuya misi\u00f3n principal es atender los problemas que enfrentan los migrantes y refugiados.ENLACESBUSQUEDACONT\u00c1CTANOS11210 W Minnezona Ave Phoenix, AZ 85037 -5127(650) 733-6530info@hispana.org<\/p>\n","protected":false},"author":1,"featured_media":0,"parent":0,"menu_order":0,"comment_status":"closed","ping_status":"closed","template":"page-template-blank.php","meta":{"_et_pb_use_builder":"on","_et_pb_old_content":"","_et_gb_content_width":"","footnotes":""},"class_list":["post-184","page","type-page","status-publish","hentry"],"_links":{"self":[{"href":"https:\/\/hispana.org\/es\/wp-json\/wp\/v2\/pages\/184","targetHints":{"allow":["GET"]}}],"collection":[{"href":"https:\/\/hispana.org\/es\/wp-json\/wp\/v2\/pages"}],"about":[{"href":"https:\/\/hispana.org\/es\/wp-json\/wp\/v2\/types\/page"}],"author":[{"embeddable":true,"href":"https:\/\/hispana.org\/es\/wp-json\/wp\/v2\/users\/1"}],"replies":[{"embeddable":true,"href":"https:\/\/hispana.org\/es\/wp-json\/wp\/v2\/comments?post=184"}],"version-history":[{"count":10,"href":"https:\/\/hispana.org\/es\/wp-json\/wp\/v2\/pages\/184\/revisions"}],"predecessor-version":[{"id":208,"href":"https:\/\/hispana.org\/es\/wp-json\/wp\/v2\/pages\/184\/revisions\/208"}],"wp:attachment":[{"href":"https:\/\/hispana.org\/es\/wp-json\/wp\/v2\/media?parent=184"}],"curies":[{"name":"wp","href":"https:\/\/api.w.org\/{rel}","templated":true}]}}